{"id":773,"date":"2025-01-08T23:51:27","date_gmt":"2025-01-08T23:51:27","guid":{"rendered":"https:\/\/gaborseregelyes.com\/?page_id=773"},"modified":"2026-03-19T16:20:20","modified_gmt":"2026-03-19T16:20:20","slug":"portrait-photographer-budapest","status":"publish","type":"page","link":"https:\/\/gaborseregelyes.com\/hu\/portrait-photographer-budapest\/","title":{"rendered":"Portrait Photographer in Budapest"},"content":{"rendered":"<div data-elementor-type=\"wp-page\" data-elementor-id=\"773\" class=\"elementor elementor-773\" data-elementor-post-type=\"page\">\n\t\t\t\t\t\t<section class=\"elementor-section elementor-top-section elementor-element elementor-element-2c28e145 elementor-section-full_width elementor-section-height-min-height elementor-section-items-stretch elementor-section-content-top elementor-section-height-default\" data-id=\"2c28e145\" data-element_type=\"section\" data-settings=\"{&quot;background_background&quot;:&quot;classic&quot;}\">\n\t\t\t\t\t\t<div class=\"elementor-container elementor-column-gap-no\">\n\t\t\t\t\t<div class=\"elementor-column elementor-col-100 elementor-top-column elementor-element elementor-element-1ca79d1f\" data-id=\"1ca79d1f\" data-element_type=\"column\">\n\t\t\t<div class=\"elementor-widget-wrap\">\n\t\t\t\t\t\t\t<\/div>\n\t\t<\/div>\n\t\t\t\t\t<\/div>\n\t\t<\/section>\n\t\t\t\t<section class=\"elementor-section elementor-top-section elementor-element elementor-element-7708acd6 elementor-section-boxed elementor-section-height-default elementor-section-height-default\" data-id=\"7708acd6\" data-element_type=\"section\" data-settings=\"{&quot;background_background&quot;:&quot;classic&quot;}\">\n\t\t\t\t\t\t<div class=\"elementor-container elementor-column-gap-no\">\n\t\t\t\t\t<div class=\"elementor-column elementor-col-100 elementor-top-column elementor-element elementor-element-7e250696\" data-id=\"7e250696\" data-element_type=\"column\">\n\t\t\t<div class=\"elementor-widget-wrap elementor-element-populated\">\n\t\t\t\t\t\t<div class=\"elementor-element elementor-element-6bbdecf4 elementor-invisible elementor-widget elementor-widget-heading\" data-id=\"6bbdecf4\" data-element_type=\"widget\" data-settings=\"{&quot;_animation&quot;:&quot;fadeIn&quot;}\" data-widget_type=\"heading.default\">\n\t\t\t\t<div class=\"elementor-widget-container\">\n\t\t\t\t\t<h1 class=\"elementor-heading-title elementor-size-default\">Portr\u00e9<\/h1>\t\t\t\t<\/div>\n\t\t\t\t<\/div>\n\t\t\t\t<div class=\"elementor-element elementor-element-61dce1f0 elementor-invisible elementor-widget elementor-widget-text-editor\" data-id=\"61dce1f0\" data-element_type=\"widget\" data-settings=\"{&quot;_animation&quot;:&quot;fadeIn&quot;,&quot;_animation_delay&quot;:&quot;200&quot;}\" data-widget_type=\"text-editor.default\">\n\t\t\t\t<div class=\"elementor-widget-container\">\n\t\t\t\t\t\t\t\t\t<p>Fedezd fel a t\u00f6rt\u00e9netmes\u00e9l\u00e9s m\u0171v\u00e9szet\u00e9t arcokon kereszt\u00fcl portr\u00e9 portf\u00f3li\u00f3mban! Minden k\u00e9p megragadja a szem\u00e9lyis\u00e9get, az \u00e9rzelmeket \u00e9s az egyedis\u00e9get, id\u0151t\u00e1ll\u00f3 fot\u00f3kat alkotva, amelyek minden alany l\u00e9nyeg\u00e9t \u00fcnneplik.<\/p>\t\t\t\t\t\t\t\t<\/div>\n\t\t\t\t<\/div>\n\t\t\t\t<div class=\"elementor-element elementor-element-5d097295 elementor-widget-divider--view-line elementor-widget elementor-widget-divider\" data-id=\"5d097295\" data-element_type=\"widget\" data-widget_type=\"divider.default\">\n\t\t\t\t<div class=\"elementor-widget-container\">\n\t\t\t\t\t\t\t<div class=\"elementor-divider\">\n\t\t\t<span class=\"elementor-divider-separator\">\n\t\t\t\t\t\t<\/span>\n\t\t<\/div>\n\t\t\t\t\t\t<\/div>\n\t\t\t\t<\/div>\n\t\t\t\t<div class=\"elementor-element elementor-element-4e62152c elementor-widget elementor-widget-gallery\" data-id=\"4e62152c\" data-element_type=\"widget\" data-settings=\"{&quot;columns&quot;:2,&quot;gap&quot;:{&quot;unit&quot;:&quot;px&quot;,&quot;size&quot;:100,&quot;sizes&quot;:[]},&quot;gallery_layout&quot;:&quot;masonry&quot;,&quot;image_hover_animation&quot;:&quot;grow&quot;,&quot;gap_mobile&quot;:{&quot;unit&quot;:&quot;px&quot;,&quot;size&quot;:20,&quot;sizes&quot;:[]},&quot;columns_tablet&quot;:2,&quot;columns_mobile&quot;:1,&quot;gap_tablet&quot;:{&quot;unit&quot;:&quot;px&quot;,&quot;size&quot;:10,&quot;sizes&quot;:[]},&quot;link_to&quot;:&quot;file&quot;,&quot;overlay_background&quot;:&quot;yes&quot;,&quot;content_hover_animation&quot;:&quot;fade-in&quot;}\" data-widget_type=\"gallery.default\">\n\t\t\t\t<div class=\"elementor-widget-container\">\n\t\t\t\t\t\t\t<div class=\"elementor-gallery__container\">\n\t\t\t\t\t\t\t<a class=\"e-gallery-item elementor-gallery-item elementor-animated-content\" href=\"https:\/\/gaborseregelyes.com\/wp-content\/uploads\/2026\/03\/portrait-photography-gabor-seregelyes2-scaled.jpg\" data-elementor-open-lightbox=\"yes\" data-elementor-lightbox-slideshow=\"4e62152c\" data-elementor-lightbox-title=\"portrait-photography-gabor-seregelyes2\" data-e-action-hash=\"#elementor-action%3Aaction%3Dlightbox%26settings%3DeyJpZCI6MTQzNCwidXJsIjoiaHR0cHM6XC9cL2dhYm9yc2VyZWdlbHllcy5jb21cL3dwLWNvbnRlbnRcL3VwbG9hZHNcLzIwMjZcLzAzXC9wb3J0cmFpdC1waG90b2dyYXBoeS1nYWJvci1zZXJlZ2VseWVzMi1zY2FsZWQuanBnIiwic2xpZGVzaG93IjoiNGU2MjE1MmMifQ%3D%3D\">\n\t\t\t\t\t<div class=\"e-gallery-image elementor-gallery-item__image\" data-thumbnail=\"https:\/\/gaborseregelyes.com\/wp-content\/uploads\/2026\/03\/portrait-photography-gabor-seregelyes2-scaled.jpg\" data-width=\"2560\" data-height=\"1707\" aria-label=\"\" role=\"img\" ><\/div>\n\t\t\t\t\t\t\t\t\t\t\t<div class=\"elementor-gallery-item__overlay\"><\/div>\n\t\t\t\t\t\t\t\t\t\t\t\t\t\t<\/a>\n\t\t\t\t\t\t\t<a class=\"e-gallery-item elementor-gallery-item elementor-animated-content\" href=\"https:\/\/gaborseregelyes.com\/wp-content\/uploads\/2026\/03\/portrait-photography-gabor-seregelyes1-scaled.jpg\" data-elementor-open-lightbox=\"yes\" data-elementor-lightbox-slideshow=\"4e62152c\" data-elementor-lightbox-title=\"portrait-photography-gabor-seregelyes1\" data-e-action-hash=\"#elementor-action%3Aaction%3Dlightbox%26settings%3DeyJpZCI6MTQzMywidXJsIjoiaHR0cHM6XC9cL2dhYm9yc2VyZWdlbHllcy5jb21cL3dwLWNvbnRlbnRcL3VwbG9hZHNcLzIwMjZcLzAzXC9wb3J0cmFpdC1waG90b2dyYXBoeS1nYWJvci1zZXJlZ2VseWVzMS1zY2FsZWQuanBnIiwic2xpZGVzaG93IjoiNGU2MjE1MmMifQ%3D%3D\">\n\t\t\t\t\t<div class=\"e-gallery-image elementor-gallery-item__image\" data-thumbnail=\"https:\/\/gaborseregelyes.com\/wp-content\/uploads\/2026\/03\/portrait-photography-gabor-seregelyes1-scaled.jpg\" data-width=\"2560\" data-height=\"1707\" aria-label=\"\" role=\"img\" ><\/div>\n\t\t\t\t\t\t\t\t\t\t\t<div class=\"elementor-gallery-item__overlay\"><\/div>\n\t\t\t\t\t\t\t\t\t\t\t\t\t\t<\/a>\n\t\t\t\t\t\t\t<a class=\"e-gallery-item elementor-gallery-item elementor-animated-content\" href=\"https:\/\/gaborseregelyes.com\/wp-content\/uploads\/2025\/01\/portrait_13.webp\" data-elementor-open-lightbox=\"yes\" data-elementor-lightbox-slideshow=\"4e62152c\" data-elementor-lightbox-title=\"portrait_13\" data-e-action-hash=\"#elementor-action%3Aaction%3Dlightbox%26settings%3DeyJpZCI6Nzg4LCJ1cmwiOiJodHRwczpcL1wvZ2Fib3JzZXJlZ2VseWVzLmNvbVwvd3AtY29udGVudFwvdXBsb2Fkc1wvMjAyNVwvMDFcL3BvcnRyYWl0XzEzLndlYnAiLCJzbGlkZXNob3ciOiI0ZTYyMTUyYyJ9\">\n\t\t\t\t\t<div class=\"e-gallery-image elementor-gallery-item__image\" data-thumbnail=\"https:\/\/gaborseregelyes.com\/wp-content\/uploads\/2025\/01\/portrait_13.webp\" data-width=\"1262\" data-height=\"1890\" aria-label=\"\" role=\"img\" ><\/div>\n\t\t\t\t\t\t\t\t\t\t\t<div class=\"elementor-gallery-item__overlay\"><\/div>\n\t\t\t\t\t\t\t\t\t\t\t\t\t\t<\/a>\n\t\t\t\t\t\t\t<a class=\"e-gallery-item elementor-gallery-item elementor-animated-content\" href=\"https:\/\/gaborseregelyes.com\/wp-content\/uploads\/2025\/01\/portrait_12.webp\" data-elementor-open-lightbox=\"yes\" data-elementor-lightbox-slideshow=\"4e62152c\" data-elementor-lightbox-title=\"portrait_12\" data-e-action-hash=\"#elementor-action%3Aaction%3Dlightbox%26settings%3DeyJpZCI6Nzg3LCJ1cmwiOiJodHRwczpcL1wvZ2Fib3JzZXJlZ2VseWVzLmNvbVwvd3AtY29udGVudFwvdXBsb2Fkc1wvMjAyNVwvMDFcL3BvcnRyYWl0XzEyLndlYnAiLCJzbGlkZXNob3ciOiI0ZTYyMTUyYyJ9\">\n\t\t\t\t\t<div class=\"e-gallery-image elementor-gallery-item__image\" data-thumbnail=\"https:\/\/gaborseregelyes.com\/wp-content\/uploads\/2025\/01\/portrait_12.webp\" data-width=\"1262\" data-height=\"1626\" aria-label=\"\" role=\"img\" ><\/div>\n\t\t\t\t\t\t\t\t\t\t\t<div class=\"elementor-gallery-item__overlay\"><\/div>\n\t\t\t\t\t\t\t\t\t\t\t\t\t\t<\/a>\n\t\t\t\t\t\t\t<a class=\"e-gallery-item elementor-gallery-item elementor-animated-content\" href=\"https:\/\/gaborseregelyes.com\/wp-content\/uploads\/2025\/01\/portrait_9.webp\" data-elementor-open-lightbox=\"yes\" data-elementor-lightbox-slideshow=\"4e62152c\" data-elementor-lightbox-title=\"portrait_9\" data-e-action-hash=\"#elementor-action%3Aaction%3Dlightbox%26settings%3DeyJpZCI6Nzg0LCJ1cmwiOiJodHRwczpcL1wvZ2Fib3JzZXJlZ2VseWVzLmNvbVwvd3AtY29udGVudFwvdXBsb2Fkc1wvMjAyNVwvMDFcL3BvcnRyYWl0Xzkud2VicCIsInNsaWRlc2hvdyI6IjRlNjIxNTJjIn0%3D\">\n\t\t\t\t\t<div class=\"e-gallery-image elementor-gallery-item__image\" data-thumbnail=\"https:\/\/gaborseregelyes.com\/wp-content\/uploads\/2025\/01\/portrait_9.webp\" data-width=\"1262\" data-height=\"842\" aria-label=\"\" role=\"img\" ><\/div>\n\t\t\t\t\t\t\t\t\t\t\t<div class=\"elementor-gallery-item__overlay\"><\/div>\n\t\t\t\t\t\t\t\t\t\t\t\t\t\t<\/a>\n\t\t\t\t\t\t\t<a class=\"e-gallery-item elementor-gallery-item elementor-animated-content\" href=\"https:\/\/gaborseregelyes.com\/wp-content\/uploads\/2025\/01\/portrait_8.webp\" data-elementor-open-lightbox=\"yes\" data-elementor-lightbox-slideshow=\"4e62152c\" data-elementor-lightbox-title=\"portrait_8\" data-e-action-hash=\"#elementor-action%3Aaction%3Dlightbox%26settings%3DeyJpZCI6NzgzLCJ1cmwiOiJodHRwczpcL1wvZ2Fib3JzZXJlZ2VseWVzLmNvbVwvd3AtY29udGVudFwvdXBsb2Fkc1wvMjAyNVwvMDFcL3BvcnRyYWl0Xzgud2VicCIsInNsaWRlc2hvdyI6IjRlNjIxNTJjIn0%3D\">\n\t\t\t\t\t<div class=\"e-gallery-image elementor-gallery-item__image\" data-thumbnail=\"https:\/\/gaborseregelyes.com\/wp-content\/uploads\/2025\/01\/portrait_8.webp\" data-width=\"1262\" data-height=\"1892\" aria-label=\"\" role=\"img\" ><\/div>\n\t\t\t\t\t\t\t\t\t\t\t<div class=\"elementor-gallery-item__overlay\"><\/div>\n\t\t\t\t\t\t\t\t\t\t\t\t\t\t<\/a>\n\t\t\t\t\t\t\t<a class=\"e-gallery-item elementor-gallery-item elementor-animated-content\" href=\"https:\/\/gaborseregelyes.com\/wp-content\/uploads\/2025\/01\/portrait_7.webp\" data-elementor-open-lightbox=\"yes\" data-elementor-lightbox-slideshow=\"4e62152c\" data-elementor-lightbox-title=\"portrait_7\" data-e-action-hash=\"#elementor-action%3Aaction%3Dlightbox%26settings%3DeyJpZCI6NzgyLCJ1cmwiOiJodHRwczpcL1wvZ2Fib3JzZXJlZ2VseWVzLmNvbVwvd3AtY29udGVudFwvdXBsb2Fkc1wvMjAyNVwvMDFcL3BvcnRyYWl0Xzcud2VicCIsInNsaWRlc2hvdyI6IjRlNjIxNTJjIn0%3D\">\n\t\t\t\t\t<div class=\"e-gallery-image elementor-gallery-item__image\" data-thumbnail=\"https:\/\/gaborseregelyes.com\/wp-content\/uploads\/2025\/01\/portrait_7.webp\" data-width=\"1262\" data-height=\"842\" aria-label=\"\" role=\"img\" ><\/div>\n\t\t\t\t\t\t\t\t\t\t\t<div class=\"elementor-gallery-item__overlay\"><\/div>\n\t\t\t\t\t\t\t\t\t\t\t\t\t\t<\/a>\n\t\t\t\t\t\t\t<a class=\"e-gallery-item elementor-gallery-item elementor-animated-content\" href=\"https:\/\/gaborseregelyes.com\/wp-content\/uploads\/2025\/01\/portrait_6.webp\" data-elementor-open-lightbox=\"yes\" data-elementor-lightbox-slideshow=\"4e62152c\" data-elementor-lightbox-title=\"portrait_6\" data-e-action-hash=\"#elementor-action%3Aaction%3Dlightbox%26settings%3DeyJpZCI6NzgxLCJ1cmwiOiJodHRwczpcL1wvZ2Fib3JzZXJlZ2VseWVzLmNvbVwvd3AtY29udGVudFwvdXBsb2Fkc1wvMjAyNVwvMDFcL3BvcnRyYWl0XzYud2VicCIsInNsaWRlc2hvdyI6IjRlNjIxNTJjIn0%3D\">\n\t\t\t\t\t<div class=\"e-gallery-image elementor-gallery-item__image\" data-thumbnail=\"https:\/\/gaborseregelyes.com\/wp-content\/uploads\/2025\/01\/portrait_6.webp\" data-width=\"1262\" data-height=\"1890\" aria-label=\"\" role=\"img\" ><\/div>\n\t\t\t\t\t\t\t\t\t\t\t<div class=\"elementor-gallery-item__overlay\"><\/div>\n\t\t\t\t\t\t\t\t\t\t\t\t\t\t<\/a>\n\t\t\t\t\t\t\t<a class=\"e-gallery-item elementor-gallery-item elementor-animated-content\" href=\"https:\/\/gaborseregelyes.com\/wp-content\/uploads\/2025\/01\/portrait_5.webp\" data-elementor-open-lightbox=\"yes\" data-elementor-lightbox-slideshow=\"4e62152c\" data-elementor-lightbox-title=\"portrait_5\" data-e-action-hash=\"#elementor-action%3Aaction%3Dlightbox%26settings%3DeyJpZCI6NzgwLCJ1cmwiOiJodHRwczpcL1wvZ2Fib3JzZXJlZ2VseWVzLmNvbVwvd3AtY29udGVudFwvdXBsb2Fkc1wvMjAyNVwvMDFcL3BvcnRyYWl0XzUud2VicCIsInNsaWRlc2hvdyI6IjRlNjIxNTJjIn0%3D\">\n\t\t\t\t\t<div class=\"e-gallery-image elementor-gallery-item__image\" data-thumbnail=\"https:\/\/gaborseregelyes.com\/wp-content\/uploads\/2025\/01\/portrait_5.webp\" data-width=\"1262\" data-height=\"1892\" aria-label=\"\" role=\"img\" ><\/div>\n\t\t\t\t\t\t\t\t\t\t\t<div class=\"elementor-gallery-item__overlay\"><\/div>\n\t\t\t\t\t\t\t\t\t\t\t\t\t\t<\/a>\n\t\t\t\t\t\t\t<a class=\"e-gallery-item elementor-gallery-item elementor-animated-content\" href=\"https:\/\/gaborseregelyes.com\/wp-content\/uploads\/2025\/01\/portrait_3.webp\" data-elementor-open-lightbox=\"yes\" data-elementor-lightbox-slideshow=\"4e62152c\" data-elementor-lightbox-title=\"portrait_3\" data-e-action-hash=\"#elementor-action%3Aaction%3Dlightbox%26settings%3DeyJpZCI6Nzc4LCJ1cmwiOiJodHRwczpcL1wvZ2Fib3JzZXJlZ2VseWVzLmNvbVwvd3AtY29udGVudFwvdXBsb2Fkc1wvMjAyNVwvMDFcL3BvcnRyYWl0XzMud2VicCIsInNsaWRlc2hvdyI6IjRlNjIxNTJjIn0%3D\">\n\t\t\t\t\t<div class=\"e-gallery-image elementor-gallery-item__image\" data-thumbnail=\"https:\/\/gaborseregelyes.com\/wp-content\/uploads\/2025\/01\/portrait_3.webp\" data-width=\"1262\" data-height=\"842\" aria-label=\"\" role=\"img\" ><\/div>\n\t\t\t\t\t\t\t\t\t\t\t<div class=\"elementor-gallery-item__overlay\"><\/div>\n\t\t\t\t\t\t\t\t\t\t\t\t\t\t<\/a>\n\t\t\t\t\t\t\t<a class=\"e-gallery-item elementor-gallery-item elementor-animated-content\" href=\"https:\/\/gaborseregelyes.com\/wp-content\/uploads\/2025\/01\/portrait_4.webp\" data-elementor-open-lightbox=\"yes\" data-elementor-lightbox-slideshow=\"4e62152c\" data-elementor-lightbox-title=\"portrait_4\" data-e-action-hash=\"#elementor-action%3Aaction%3Dlightbox%26settings%3DeyJpZCI6Nzc5LCJ1cmwiOiJodHRwczpcL1wvZ2Fib3JzZXJlZ2VseWVzLmNvbVwvd3AtY29udGVudFwvdXBsb2Fkc1wvMjAyNVwvMDFcL3BvcnRyYWl0XzQud2VicCIsInNsaWRlc2hvdyI6IjRlNjIxNTJjIn0%3D\">\n\t\t\t\t\t<div class=\"e-gallery-image elementor-gallery-item__image\" data-thumbnail=\"https:\/\/gaborseregelyes.com\/wp-content\/uploads\/2025\/01\/portrait_4.webp\" data-width=\"1262\" data-height=\"1890\" aria-label=\"\" role=\"img\" ><\/div>\n\t\t\t\t\t\t\t\t\t\t\t<div class=\"elementor-gallery-item__overlay\"><\/div>\n\t\t\t\t\t\t\t\t\t\t\t\t\t\t<\/a>\n\t\t\t\t\t\t\t<a class=\"e-gallery-item elementor-gallery-item elementor-animated-content\" href=\"https:\/\/gaborseregelyes.com\/wp-content\/uploads\/2025\/01\/portrait_2.webp\" data-elementor-open-lightbox=\"yes\" data-elementor-lightbox-slideshow=\"4e62152c\" data-elementor-lightbox-title=\"portrait_2\" data-e-action-hash=\"#elementor-action%3Aaction%3Dlightbox%26settings%3DeyJpZCI6Nzc3LCJ1cmwiOiJodHRwczpcL1wvZ2Fib3JzZXJlZ2VseWVzLmNvbVwvd3AtY29udGVudFwvdXBsb2Fkc1wvMjAyNVwvMDFcL3BvcnRyYWl0XzIud2VicCIsInNsaWRlc2hvdyI6IjRlNjIxNTJjIn0%3D\">\n\t\t\t\t\t<div class=\"e-gallery-image elementor-gallery-item__image\" data-thumbnail=\"https:\/\/gaborseregelyes.com\/wp-content\/uploads\/2025\/01\/portrait_2.webp\" data-width=\"1262\" data-height=\"1894\" aria-label=\"\" role=\"img\" ><\/div>\n\t\t\t\t\t\t\t\t\t\t\t<div class=\"elementor-gallery-item__overlay\"><\/div>\n\t\t\t\t\t\t\t\t\t\t\t\t\t\t<\/a>\n\t\t\t\t\t\t\t<a class=\"e-gallery-item elementor-gallery-item elementor-animated-content\" href=\"https:\/\/gaborseregelyes.com\/wp-content\/uploads\/2025\/01\/portrait_1.webp\" data-elementor-open-lightbox=\"yes\" data-elementor-lightbox-slideshow=\"4e62152c\" data-elementor-lightbox-title=\"portrait_1\" data-e-action-hash=\"#elementor-action%3Aaction%3Dlightbox%26settings%3DeyJpZCI6Nzc2LCJ1cmwiOiJodHRwczpcL1wvZ2Fib3JzZXJlZ2VseWVzLmNvbVwvd3AtY29udGVudFwvdXBsb2Fkc1wvMjAyNVwvMDFcL3BvcnRyYWl0XzEud2VicCIsInNsaWRlc2hvdyI6IjRlNjIxNTJjIn0%3D\">\n\t\t\t\t\t<div class=\"e-gallery-image elementor-gallery-item__image\" data-thumbnail=\"https:\/\/gaborseregelyes.com\/wp-content\/uploads\/2025\/01\/portrait_1.webp\" data-width=\"1262\" data-height=\"1916\" aria-label=\"\" role=\"img\" ><\/div>\n\t\t\t\t\t\t\t\t\t\t\t<div class=\"elementor-gallery-item__overlay\"><\/div>\n\t\t\t\t\t\t\t\t\t\t\t\t\t\t<\/a>\n\t\t\t\t\t<\/div>\n\t\t\t\t\t<\/div>\n\t\t\t\t<\/div>\n\t\t\t\t\t<\/div>\n\t\t<\/div>\n\t\t\t\t\t<\/div>\n\t\t<\/section>\n\t\t\t\t<\/div>","protected":false},"excerpt":{"rendered":"<p>Portrait Discover the art of storytelling through faces in my portrait portfolio. Each image captures personality, emotion, and individuality, creating timeless photographs that celebrate the essence of every subject.<\/p>","protected":false},"author":1,"featured_media":0,"parent":0,"menu_order":0,"comment_status":"closed","ping_status":"closed","template":"","meta":{"footnotes":""},"class_list":["post-773","page","type-page","status-publish","hentry"],"yoast_head":"<!-- This site is optimized with the Yoast SEO Premium plugin v27.0 (Yoast SEO v27.0) - https:\/\/yoast.com\/product\/yoast-seo-premium-wordpress\/ -->\n<title>Portrait Photographer Budapest | G\u00e1bor Sereg\u00e9lyes<\/title>\n<meta name=\"description\" content=\"Portrait photographer in Budapest specializing in professional headshots and personal branding. Natural, modern style. Book your session today.\" \/>\n<meta name=\"robots\" content=\"index, follow, max-snippet:-1, max-image-preview:large, max-video-preview:-1\" \/>\n<link rel=\"canonical\" href=\"https:\/\/gaborseregelyes.com\/hu\/portrait-photographer-budapest\/\" \/>\n<meta property=\"og:locale\" content=\"hu_HU\" \/>\n<meta property=\"og:type\" content=\"article\" \/>\n<meta property=\"og:title\" content=\"Portrait Photographer in Budapest\" \/>\n<meta property=\"og:description\" content=\"Portrait photographer in Budapest specializing in professional headshots and personal branding. Natural, modern style. Book your session today.\" \/>\n<meta property=\"og:url\" content=\"https:\/\/gaborseregelyes.com\/hu\/portrait-photographer-budapest\/\" \/>\n<meta property=\"og:site_name\" content=\"Sereg\u00e9lyes G\u00e1bor Fotogr\u00e1fus\" \/>\n<meta property=\"article:modified_time\" content=\"2026-03-19T16:20:20+00:00\" \/>\n<meta name=\"twitter:card\" content=\"summary_large_image\" \/>\n<meta name=\"twitter:label1\" content=\"Becs\u00fclt olvas\u00e1si id\u0151\" \/>\n\t<meta name=\"twitter:data1\" content=\"1 perc\" \/>\n<script type=\"application\/ld+json\" class=\"yoast-schema-graph\">{\"@context\":\"https:\/\/schema.org\",\"@graph\":[{\"@type\":\"WebPage\",\"@id\":\"https:\/\/gaborseregelyes.com\/portrait-photographer-budapest\/\",\"url\":\"https:\/\/gaborseregelyes.com\/portrait-photographer-budapest\/\",\"name\":\"Portrait Photographer Budapest | G\u00e1bor Sereg\u00e9lyes\",\"isPartOf\":{\"@id\":\"https:\/\/gaborseregelyes.com\/#website\"},\"datePublished\":\"2025-01-08T23:51:27+00:00\",\"dateModified\":\"2026-03-19T16:20:20+00:00\",\"description\":\"Portrait photographer in Budapest specializing in professional headshots and personal branding. Natural, modern style. Book your session today.\",\"breadcrumb\":{\"@id\":\"https:\/\/gaborseregelyes.com\/portrait-photographer-budapest\/#breadcrumb\"},\"inLanguage\":\"hu\",\"potentialAction\":[{\"@type\":\"ReadAction\",\"target\":[\"https:\/\/gaborseregelyes.com\/portrait-photographer-budapest\/\"]}]},{\"@type\":\"BreadcrumbList\",\"@id\":\"https:\/\/gaborseregelyes.com\/portrait-photographer-budapest\/#breadcrumb\",\"itemListElement\":[{\"@type\":\"ListItem\",\"position\":1,\"name\":\"Home\",\"item\":\"https:\/\/gaborseregelyes.com\/\"},{\"@type\":\"ListItem\",\"position\":2,\"name\":\"Portrait Photographer in Budapest\"}]},{\"@type\":\"WebSite\",\"@id\":\"https:\/\/gaborseregelyes.com\/#website\",\"url\":\"https:\/\/gaborseregelyes.com\/\",\"name\":\"Sereg\u00e9lyes G\u00e1bor Fotogr\u00e1fus\",\"description\":\"Experienced, professional photographer with a creative vision\",\"publisher\":{\"@id\":\"https:\/\/gaborseregelyes.com\/#organization\"},\"potentialAction\":[{\"@type\":\"SearchAction\",\"target\":{\"@type\":\"EntryPoint\",\"urlTemplate\":\"https:\/\/gaborseregelyes.com\/?s={search_term_string}\"},\"query-input\":{\"@type\":\"PropertyValueSpecification\",\"valueRequired\":true,\"valueName\":\"search_term_string\"}}],\"inLanguage\":\"hu\"},{\"@type\":\"Organization\",\"@id\":\"https:\/\/gaborseregelyes.com\/#organization\",\"name\":\"Sereg\u00e9lyes G\u00e1bor Fotogr\u00e1fus\",\"url\":\"https:\/\/gaborseregelyes.com\/\",\"logo\":{\"@type\":\"ImageObject\",\"inLanguage\":\"hu\",\"@id\":\"https:\/\/gaborseregelyes.com\/#\/schema\/logo\/image\/\",\"url\":\"https:\/\/gaborseregelyes.com\/wp-content\/uploads\/2025\/01\/alairas_logo_v3.png\",\"contentUrl\":\"https:\/\/gaborseregelyes.com\/wp-content\/uploads\/2025\/01\/alairas_logo_v3.png\",\"width\":492,\"height\":180,\"caption\":\"Sereg\u00e9lyes G\u00e1bor Fotogr\u00e1fus\"},\"image\":{\"@id\":\"https:\/\/gaborseregelyes.com\/#\/schema\/logo\/image\/\"}}]}<\/script>\n<!-- \/ Yoast SEO Premium plugin. -->","yoast_head_json":{"title":"Portrait Photographer Budapest | G\u00e1bor Sereg\u00e9lyes","description":"Portrait photographer in Budapest specializing in professional headshots and personal branding. Natural, modern style. Book your session today.","robots":{"index":"index","follow":"follow","max-snippet":"max-snippet:-1","max-image-preview":"max-image-preview:large","max-video-preview":"max-video-preview:-1"},"canonical":"https:\/\/gaborseregelyes.com\/hu\/portrait-photographer-budapest\/","og_locale":"hu_HU","og_type":"article","og_title":"Portrait Photographer in Budapest","og_description":"Portrait photographer in Budapest specializing in professional headshots and personal branding. Natural, modern style. Book your session today.","og_url":"https:\/\/gaborseregelyes.com\/hu\/portrait-photographer-budapest\/","og_site_name":"Sereg\u00e9lyes G\u00e1bor Fotogr\u00e1fus","article_modified_time":"2026-03-19T16:20:20+00:00","twitter_card":"summary_large_image","twitter_misc":{"Becs\u00fclt olvas\u00e1si id\u0151":"1 perc"},"schema":{"@context":"https:\/\/schema.org","@graph":[{"@type":"WebPage","@id":"https:\/\/gaborseregelyes.com\/portrait-photographer-budapest\/","url":"https:\/\/gaborseregelyes.com\/portrait-photographer-budapest\/","name":"Portrait Photographer Budapest | G\u00e1bor Sereg\u00e9lyes","isPartOf":{"@id":"https:\/\/gaborseregelyes.com\/#website"},"datePublished":"2025-01-08T23:51:27+00:00","dateModified":"2026-03-19T16:20:20+00:00","description":"Portrait photographer in Budapest specializing in professional headshots and personal branding. Natural, modern style. Book your session today.","breadcrumb":{"@id":"https:\/\/gaborseregelyes.com\/portrait-photographer-budapest\/#breadcrumb"},"inLanguage":"hu","potentialAction":[{"@type":"ReadAction","target":["https:\/\/gaborseregelyes.com\/portrait-photographer-budapest\/"]}]},{"@type":"BreadcrumbList","@id":"https:\/\/gaborseregelyes.com\/portrait-photographer-budapest\/#breadcrumb","itemListElement":[{"@type":"ListItem","position":1,"name":"Home","item":"https:\/\/gaborseregelyes.com\/"},{"@type":"ListItem","position":2,"name":"Portrait Photographer in Budapest"}]},{"@type":"WebSite","@id":"https:\/\/gaborseregelyes.com\/#website","url":"https:\/\/gaborseregelyes.com\/","name":"Sereg\u00e9lyes G\u00e1bor Fotogr\u00e1fus","description":"Experienced, professional photographer with a creative vision","publisher":{"@id":"https:\/\/gaborseregelyes.com\/#organization"},"potentialAction":[{"@type":"SearchAction","target":{"@type":"EntryPoint","urlTemplate":"https:\/\/gaborseregelyes.com\/?s={search_term_string}"},"query-input":{"@type":"PropertyValueSpecification","valueRequired":true,"valueName":"search_term_string"}}],"inLanguage":"hu"},{"@type":"Organization","@id":"https:\/\/gaborseregelyes.com\/#organization","name":"Sereg\u00e9lyes G\u00e1bor Fotogr\u00e1fus","url":"https:\/\/gaborseregelyes.com\/","logo":{"@type":"ImageObject","inLanguage":"hu","@id":"https:\/\/gaborseregelyes.com\/#\/schema\/logo\/image\/","url":"https:\/\/gaborseregelyes.com\/wp-content\/uploads\/2025\/01\/alairas_logo_v3.png","contentUrl":"https:\/\/gaborseregelyes.com\/wp-content\/uploads\/2025\/01\/alairas_logo_v3.png","width":492,"height":180,"caption":"Sereg\u00e9lyes G\u00e1bor Fotogr\u00e1fus"},"image":{"@id":"https:\/\/gaborseregelyes.com\/#\/schema\/logo\/image\/"}}]}},"_links":{"self":[{"href":"https:\/\/gaborseregelyes.com\/hu\/wp-json\/wp\/v2\/pages\/773","targetHints":{"allow":["GET"]}}],"collection":[{"href":"https:\/\/gaborseregelyes.com\/hu\/wp-json\/wp\/v2\/pages"}],"about":[{"href":"https:\/\/gaborseregelyes.com\/hu\/wp-json\/wp\/v2\/types\/page"}],"author":[{"embeddable":true,"href":"https:\/\/gaborseregelyes.com\/hu\/wp-json\/wp\/v2\/users\/1"}],"replies":[{"embeddable":true,"href":"https:\/\/gaborseregelyes.com\/hu\/wp-json\/wp\/v2\/comments?post=773"}],"version-history":[{"count":44,"href":"https:\/\/gaborseregelyes.com\/hu\/wp-json\/wp\/v2\/pages\/773\/revisions"}],"predecessor-version":[{"id":1520,"href":"https:\/\/gaborseregelyes.com\/hu\/wp-json\/wp\/v2\/pages\/773\/revisions\/1520"}],"wp:attachment":[{"href":"https:\/\/gaborseregelyes.com\/hu\/wp-json\/wp\/v2\/media?parent=773"}],"curies":[{"name":"wp","href":"https:\/\/api.w.org\/{rel}","templated":true}]}}