{"id":536,"date":"2025-01-08T20:53:50","date_gmt":"2025-01-08T20:53:50","guid":{"rendered":"https:\/\/gaborseregelyes.com\/?page_id=536"},"modified":"2025-07-10T15:30:00","modified_gmt":"2025-07-10T15:30:00","slug":"professional-photographer-portfolio-budapest","status":"publish","type":"page","link":"https:\/\/gaborseregelyes.com\/hu\/professional-photographer-portfolio-budapest\/","title":{"rendered":"Portf\u00f3li\u00f3"},"content":{"rendered":"<div data-elementor-type=\"wp-page\" data-elementor-id=\"536\" class=\"elementor elementor-536\" data-elementor-post-type=\"page\">\n\t\t\t\t<div class=\"elementor-element elementor-element-bd0e219 \u00f3 e-flex e-con-boxed e-con e-parent\" data-id=\"bd0e219\" data-element_type=\"container\" data-settings=\"{&quot;background_background&quot;:&quot;classic&quot;}\">\n\t\t\t\t\t<div class=\"e-con-inner\">\n\t\t<div class=\"elementor-element elementor-element-3300eed e-con-full e-flex e-con e-child\" data-id=\"3300eed\" data-element_type=\"container\">\n\t\t<div class=\"elementor-element elementor-element-83e5df1 e-con-full e-flex e-con e-child\" data-id=\"83e5df1\" data-element_type=\"container\">\n\t\t\t\t<div class=\"elementor-element elementor-element-16a1f34 elementor-widget elementor-widget-image\" data-id=\"16a1f34\" data-element_type=\"widget\" data-settings=\"{&quot;_animation&quot;:&quot;none&quot;,&quot;_animation_delay&quot;:300}\" data-widget_type=\"image.default\">\n\t\t\t\t<div class=\"elementor-widget-container\">\n\t\t\t\t\t\t\t\t\t\t\t\t\t\t\t\t<a href=\"https:\/\/gaborseregelyes.com\/hu\/gastro-food-photography-budapest\/\">\n\t\t\t\t\t\t\t<img fetchpriority=\"high\" decoding=\"async\" width=\"480\" height=\"479\" src=\"https:\/\/gaborseregelyes.com\/wp-content\/uploads\/2025\/01\/gasztro_main.png\" class=\"attachment-large size-large wp-image-306\" alt=\"\" srcset=\"https:\/\/gaborseregelyes.com\/wp-content\/uploads\/2025\/01\/gasztro_main.png 480w, https:\/\/gaborseregelyes.com\/wp-content\/uploads\/2025\/01\/gasztro_main-300x300.png 300w, https:\/\/gaborseregelyes.com\/wp-content\/uploads\/2025\/01\/gasztro_main-150x150.png 150w\" sizes=\"(max-width: 480px) 100vw, 480px\" \/>\t\t\t\t\t\t\t\t<\/a>\n\t\t\t\t\t\t\t\t\t\t\t\t\t\t\t<\/div>\n\t\t\t\t<\/div>\n\t\t\t\t<div class=\"elementor-element elementor-element-6340cfe elementor-widget elementor-widget-text-editor\" data-id=\"6340cfe\" data-element_type=\"widget\" data-widget_type=\"text-editor.default\">\n\t\t\t\t<div class=\"elementor-widget-container\">\n\t\t\t\t\t\t\t\t\t<p>Gasztro<\/p>\t\t\t\t\t\t\t\t<\/div>\n\t\t\t\t<\/div>\n\t\t\t\t<\/div>\n\t\t<div class=\"elementor-element elementor-element-5732be4 e-con-full e-flex e-con e-child\" data-id=\"5732be4\" data-element_type=\"container\">\n\t\t\t\t<div class=\"elementor-element elementor-element-32a64c0 elementor-widget elementor-widget-image\" data-id=\"32a64c0\" data-element_type=\"widget\" data-settings=\"{&quot;_animation&quot;:&quot;none&quot;,&quot;_animation_delay&quot;:300}\" data-widget_type=\"image.default\">\n\t\t\t\t<div class=\"elementor-widget-container\">\n\t\t\t\t\t\t\t\t\t\t\t\t\t\t\t\t<a href=\"https:\/\/gaborseregelyes.com\/hu\/creative-product-photography-budapest\/\">\n\t\t\t\t\t\t\t<img decoding=\"async\" width=\"800\" height=\"800\" src=\"https:\/\/gaborseregelyes.com\/wp-content\/uploads\/2025\/01\/product_main_2_1-1024x1024.webp\" class=\"attachment-large size-large wp-image-476\" alt=\"\" srcset=\"https:\/\/gaborseregelyes.com\/wp-content\/uploads\/2025\/01\/product_main_2_1-1024x1024.webp 1024w, https:\/\/gaborseregelyes.com\/wp-content\/uploads\/2025\/01\/product_main_2_1-300x300.webp 300w, https:\/\/gaborseregelyes.com\/wp-content\/uploads\/2025\/01\/product_main_2_1-150x150.webp 150w, https:\/\/gaborseregelyes.com\/wp-content\/uploads\/2025\/01\/product_main_2_1-768x768.webp 768w, https:\/\/gaborseregelyes.com\/wp-content\/uploads\/2025\/01\/product_main_2_1-1536x1536.webp 1536w, https:\/\/gaborseregelyes.com\/wp-content\/uploads\/2025\/01\/product_main_2_1.webp 1920w\" sizes=\"(max-width: 800px) 100vw, 800px\" \/>\t\t\t\t\t\t\t\t<\/a>\n\t\t\t\t\t\t\t\t\t\t\t\t\t\t\t<\/div>\n\t\t\t\t<\/div>\n\t\t\t\t<div class=\"elementor-element elementor-element-f835f53 elementor-widget elementor-widget-text-editor\" data-id=\"f835f53\" data-element_type=\"widget\" data-widget_type=\"text-editor.default\">\n\t\t\t\t<div class=\"elementor-widget-container\">\n\t\t\t\t\t\t\t\t\t<p>Term\u00e9k<\/p>\t\t\t\t\t\t\t\t<\/div>\n\t\t\t\t<\/div>\n\t\t\t\t<\/div>\n\t\t<div class=\"elementor-element elementor-element-8631a09 e-con-full e-flex e-con e-child\" data-id=\"8631a09\" data-element_type=\"container\">\n\t\t\t\t<div class=\"elementor-element elementor-element-b65c379 elementor-widget elementor-widget-image\" data-id=\"b65c379\" data-element_type=\"widget\" data-settings=\"{&quot;_animation&quot;:&quot;none&quot;,&quot;_animation_delay&quot;:300}\" data-widget_type=\"image.default\">\n\t\t\t\t<div class=\"elementor-widget-container\">\n\t\t\t\t\t\t\t\t\t\t\t\t\t\t\t\t<a href=\"https:\/\/gaborseregelyes.com\/hu\/interior-photography-service-budapest\/\">\n\t\t\t\t\t\t\t<img decoding=\"async\" width=\"800\" height=\"800\" src=\"https:\/\/gaborseregelyes.com\/wp-content\/uploads\/2025\/01\/interior_main_3-1024x1024.webp\" class=\"attachment-large size-large wp-image-471\" alt=\"\" srcset=\"https:\/\/gaborseregelyes.com\/wp-content\/uploads\/2025\/01\/interior_main_3-1024x1024.webp 1024w, https:\/\/gaborseregelyes.com\/wp-content\/uploads\/2025\/01\/interior_main_3-300x300.webp 300w, https:\/\/gaborseregelyes.com\/wp-content\/uploads\/2025\/01\/interior_main_3-150x150.webp 150w, https:\/\/gaborseregelyes.com\/wp-content\/uploads\/2025\/01\/interior_main_3-768x768.webp 768w, https:\/\/gaborseregelyes.com\/wp-content\/uploads\/2025\/01\/interior_main_3-1536x1536.webp 1536w, https:\/\/gaborseregelyes.com\/wp-content\/uploads\/2025\/01\/interior_main_3.webp 1920w\" sizes=\"(max-width: 800px) 100vw, 800px\" \/>\t\t\t\t\t\t\t\t<\/a>\n\t\t\t\t\t\t\t\t\t\t\t\t\t\t\t<\/div>\n\t\t\t\t<\/div>\n\t\t\t\t<div class=\"elementor-element elementor-element-700d6c8 elementor-widget elementor-widget-text-editor\" data-id=\"700d6c8\" data-element_type=\"widget\" data-widget_type=\"text-editor.default\">\n\t\t\t\t<div class=\"elementor-widget-container\">\n\t\t\t\t\t\t\t\t\t<p>Enteri\u0151r<\/p>\t\t\t\t\t\t\t\t<\/div>\n\t\t\t\t<\/div>\n\t\t\t\t<\/div>\n\t\t<div class=\"elementor-element elementor-element-c059a20 e-con-full e-flex e-con e-child\" data-id=\"c059a20\" data-element_type=\"container\">\n\t\t\t\t<div class=\"elementor-element elementor-element-d7247ec elementor-widget elementor-widget-image\" data-id=\"d7247ec\" data-element_type=\"widget\" data-settings=\"{&quot;_animation&quot;:&quot;none&quot;,&quot;_animation_delay&quot;:300}\" data-widget_type=\"image.default\">\n\t\t\t\t<div class=\"elementor-widget-container\">\n\t\t\t\t\t\t\t\t\t\t\t\t\t\t\t\t<a href=\"https:\/\/gaborseregelyes.com\/hu\/travel-tourism-photography\/\">\n\t\t\t\t\t\t\t<img loading=\"lazy\" decoding=\"async\" width=\"800\" height=\"800\" src=\"https:\/\/gaborseregelyes.com\/wp-content\/uploads\/2025\/01\/travel_main_2-1024x1024.webp\" class=\"attachment-large size-large wp-image-475\" alt=\"\" srcset=\"https:\/\/gaborseregelyes.com\/wp-content\/uploads\/2025\/01\/travel_main_2-1024x1024.webp 1024w, https:\/\/gaborseregelyes.com\/wp-content\/uploads\/2025\/01\/travel_main_2-300x300.webp 300w, https:\/\/gaborseregelyes.com\/wp-content\/uploads\/2025\/01\/travel_main_2-150x150.webp 150w, https:\/\/gaborseregelyes.com\/wp-content\/uploads\/2025\/01\/travel_main_2-768x768.webp 768w, https:\/\/gaborseregelyes.com\/wp-content\/uploads\/2025\/01\/travel_main_2-1536x1536.webp 1536w, https:\/\/gaborseregelyes.com\/wp-content\/uploads\/2025\/01\/travel_main_2.webp 1920w\" sizes=\"(max-width: 800px) 100vw, 800px\" \/>\t\t\t\t\t\t\t\t<\/a>\n\t\t\t\t\t\t\t\t\t\t\t\t\t\t\t<\/div>\n\t\t\t\t<\/div>\n\t\t\t\t<div class=\"elementor-element elementor-element-5d78b89 elementor-widget elementor-widget-text-editor\" data-id=\"5d78b89\" data-element_type=\"widget\" data-widget_type=\"text-editor.default\">\n\t\t\t\t<div class=\"elementor-widget-container\">\n\t\t\t\t\t\t\t\t\t<p>Utaz\u00e1s<\/p>\t\t\t\t\t\t\t\t<\/div>\n\t\t\t\t<\/div>\n\t\t\t\t<\/div>\n\t\t<div class=\"elementor-element elementor-element-0eae0b0 e-con-full e-flex e-con e-child\" data-id=\"0eae0b0\" data-element_type=\"container\">\n\t\t\t\t<div class=\"elementor-element elementor-element-a30621e elementor-widget elementor-widget-image\" data-id=\"a30621e\" data-element_type=\"widget\" data-settings=\"{&quot;_animation&quot;:&quot;none&quot;,&quot;_animation_delay&quot;:300}\" data-widget_type=\"image.default\">\n\t\t\t\t<div class=\"elementor-widget-container\">\n\t\t\t\t\t\t\t\t\t\t\t\t\t\t\t\t<a href=\"https:\/\/gaborseregelyes.com\/hu\/professional-event-photography-hungary\/\">\n\t\t\t\t\t\t\t<img loading=\"lazy\" decoding=\"async\" width=\"480\" height=\"479\" src=\"https:\/\/gaborseregelyes.com\/wp-content\/uploads\/2025\/01\/aada17_802054f78e874c1fa93548b9d04e3aeemv2.jpg\" class=\"attachment-large size-large wp-image-254\" alt=\"\" srcset=\"https:\/\/gaborseregelyes.com\/wp-content\/uploads\/2025\/01\/aada17_802054f78e874c1fa93548b9d04e3aeemv2.jpg 480w, https:\/\/gaborseregelyes.com\/wp-content\/uploads\/2025\/01\/aada17_802054f78e874c1fa93548b9d04e3aeemv2-300x300.jpg 300w, https:\/\/gaborseregelyes.com\/wp-content\/uploads\/2025\/01\/aada17_802054f78e874c1fa93548b9d04e3aeemv2-150x150.jpg 150w\" sizes=\"(max-width: 480px) 100vw, 480px\" \/>\t\t\t\t\t\t\t\t<\/a>\n\t\t\t\t\t\t\t\t\t\t\t\t\t\t\t<\/div>\n\t\t\t\t<\/div>\n\t\t\t\t<div class=\"elementor-element elementor-element-d1cfcef elementor-widget elementor-widget-text-editor\" data-id=\"d1cfcef\" data-element_type=\"widget\" data-widget_type=\"text-editor.default\">\n\t\t\t\t<div class=\"elementor-widget-container\">\n\t\t\t\t\t\t\t\t\t<p>Esem\u00e9nyek<\/p>\t\t\t\t\t\t\t\t<\/div>\n\t\t\t\t<\/div>\n\t\t\t\t<\/div>\n\t\t<div class=\"elementor-element elementor-element-3b08b49 e-con-full e-flex e-con e-child\" data-id=\"3b08b49\" data-element_type=\"container\">\n\t\t\t\t<div class=\"elementor-element elementor-element-fafa882 elementor-widget elementor-widget-image\" data-id=\"fafa882\" data-element_type=\"widget\" data-settings=\"{&quot;_animation&quot;:&quot;none&quot;,&quot;_animation_delay&quot;:300}\" data-widget_type=\"image.default\">\n\t\t\t\t<div class=\"elementor-widget-container\">\n\t\t\t\t\t\t\t\t\t\t\t\t\t\t\t\t<a href=\"https:\/\/gaborseregelyes.com\/hu\/portrait-photographer-budapest\/\">\n\t\t\t\t\t\t\t<img loading=\"lazy\" decoding=\"async\" width=\"800\" height=\"800\" src=\"https:\/\/gaborseregelyes.com\/wp-content\/uploads\/2025\/01\/portrait_main_2_1-1024x1024.webp\" class=\"attachment-large size-large wp-image-477\" alt=\"\" srcset=\"https:\/\/gaborseregelyes.com\/wp-content\/uploads\/2025\/01\/portrait_main_2_1-1024x1024.webp 1024w, https:\/\/gaborseregelyes.com\/wp-content\/uploads\/2025\/01\/portrait_main_2_1-300x300.webp 300w, https:\/\/gaborseregelyes.com\/wp-content\/uploads\/2025\/01\/portrait_main_2_1-150x150.webp 150w, https:\/\/gaborseregelyes.com\/wp-content\/uploads\/2025\/01\/portrait_main_2_1-768x768.webp 768w, https:\/\/gaborseregelyes.com\/wp-content\/uploads\/2025\/01\/portrait_main_2_1-1536x1536.webp 1536w, https:\/\/gaborseregelyes.com\/wp-content\/uploads\/2025\/01\/portrait_main_2_1.webp 1920w\" sizes=\"(max-width: 800px) 100vw, 800px\" \/>\t\t\t\t\t\t\t\t<\/a>\n\t\t\t\t\t\t\t\t\t\t\t\t\t\t\t<\/div>\n\t\t\t\t<\/div>\n\t\t\t\t<div class=\"elementor-element elementor-element-0ae8b59 elementor-widget elementor-widget-text-editor\" data-id=\"0ae8b59\" data-element_type=\"widget\" data-widget_type=\"text-editor.default\">\n\t\t\t\t<div class=\"elementor-widget-container\">\n\t\t\t\t\t\t\t\t\t<p>Portr\u00e9<\/p>\t\t\t\t\t\t\t\t<\/div>\n\t\t\t\t<\/div>\n\t\t\t\t<\/div>\n\t\t\t\t<\/div>\n\t\t\t\t\t<\/div>\n\t\t\t\t<\/div>\n\t\t\t\t<\/div>","protected":false},"excerpt":{"rendered":"<p>Gastro Product Interior Travel Events Portrait<\/p>","protected":false},"author":1,"featured_media":0,"parent":0,"menu_order":0,"comment_status":"closed","ping_status":"closed","template":"","meta":{"footnotes":""},"class_list":["post-536","page","type-page","status-publish","hentry"],"yoast_head":"<!-- This site is optimized with the Yoast SEO Premium plugin v27.0 (Yoast SEO v27.0) - https:\/\/yoast.com\/product\/yoast-seo-premium-wordpress\/ -->\n<title>G\u00e1bor Sereg\u00e9lyes Photography Portfolio | Creative Professional Photographer in Budapest<\/title>\n<meta name=\"description\" content=\"Discover the diverse portfolio of G\u00e1bor Sereg\u00e9lyes, a creative professional photographer based in Budapest. From food, products, and interiors to travel, events, and portraits, explore his unique perspective and the breadth of his work!\" \/>\n<meta name=\"robots\" content=\"index, follow, max-snippet:-1, max-image-preview:large, max-video-preview:-1\" \/>\n<link rel=\"canonical\" href=\"https:\/\/gaborseregelyes.com\/hu\/professional-photographer-portfolio-budapest\/\" \/>\n<meta property=\"og:locale\" content=\"hu_HU\" \/>\n<meta property=\"og:type\" content=\"article\" \/>\n<meta property=\"og:title\" content=\"Portfolio\" \/>\n<meta property=\"og:description\" content=\"Discover the diverse portfolio of G\u00e1bor Sereg\u00e9lyes, a creative professional photographer based in Budapest. From food, products, and interiors to travel, events, and portraits, explore his unique perspective and the breadth of his work!\" \/>\n<meta property=\"og:url\" content=\"https:\/\/gaborseregelyes.com\/hu\/professional-photographer-portfolio-budapest\/\" \/>\n<meta property=\"og:site_name\" content=\"Sereg\u00e9lyes G\u00e1bor Fotogr\u00e1fus\" \/>\n<meta property=\"article:modified_time\" content=\"2025-07-10T15:30:00+00:00\" \/>\n<meta property=\"og:image\" content=\"https:\/\/gaborseregelyes.com\/wp-content\/uploads\/2025\/01\/gasztro_main.png\" \/>\n\t<meta property=\"og:image:width\" content=\"480\" \/>\n\t<meta property=\"og:image:height\" content=\"479\" \/>\n\t<meta property=\"og:image:type\" content=\"image\/png\" \/>\n<meta name=\"twitter:card\" content=\"summary_large_image\" \/>\n<meta name=\"twitter:label1\" content=\"Becs\u00fclt olvas\u00e1si id\u0151\" \/>\n\t<meta name=\"twitter:data1\" content=\"2 perc\" \/>\n<script type=\"application\/ld+json\" class=\"yoast-schema-graph\">{\"@context\":\"https:\/\/schema.org\",\"@graph\":[{\"@type\":\"WebPage\",\"@id\":\"https:\/\/gaborseregelyes.com\/professional-photographer-portfolio-budapest\/\",\"url\":\"https:\/\/gaborseregelyes.com\/professional-photographer-portfolio-budapest\/\",\"name\":\"G\u00e1bor Sereg\u00e9lyes Photography Portfolio | Creative Professional Photographer in Budapest\",\"isPartOf\":{\"@id\":\"https:\/\/gaborseregelyes.com\/#website\"},\"primaryImageOfPage\":{\"@id\":\"https:\/\/gaborseregelyes.com\/professional-photographer-portfolio-budapest\/#primaryimage\"},\"image\":{\"@id\":\"https:\/\/gaborseregelyes.com\/professional-photographer-portfolio-budapest\/#primaryimage\"},\"thumbnailUrl\":\"https:\/\/gaborseregelyes.com\/wp-content\/uploads\/2025\/01\/gasztro_main.png\",\"datePublished\":\"2025-01-08T20:53:50+00:00\",\"dateModified\":\"2025-07-10T15:30:00+00:00\",\"description\":\"Discover the diverse portfolio of G\u00e1bor Sereg\u00e9lyes, a creative professional photographer based in Budapest. From food, products, and interiors to travel, events, and portraits, explore his unique perspective and the breadth of his work!\",\"breadcrumb\":{\"@id\":\"https:\/\/gaborseregelyes.com\/professional-photographer-portfolio-budapest\/#breadcrumb\"},\"inLanguage\":\"hu\",\"potentialAction\":[{\"@type\":\"ReadAction\",\"target\":[\"https:\/\/gaborseregelyes.com\/professional-photographer-portfolio-budapest\/\"]}]},{\"@type\":\"ImageObject\",\"inLanguage\":\"hu\",\"@id\":\"https:\/\/gaborseregelyes.com\/professional-photographer-portfolio-budapest\/#primaryimage\",\"url\":\"https:\/\/gaborseregelyes.com\/wp-content\/uploads\/2025\/01\/gasztro_main.png\",\"contentUrl\":\"https:\/\/gaborseregelyes.com\/wp-content\/uploads\/2025\/01\/gasztro_main.png\"},{\"@type\":\"BreadcrumbList\",\"@id\":\"https:\/\/gaborseregelyes.com\/professional-photographer-portfolio-budapest\/#breadcrumb\",\"itemListElement\":[{\"@type\":\"ListItem\",\"position\":1,\"name\":\"Home\",\"item\":\"https:\/\/gaborseregelyes.com\/\"},{\"@type\":\"ListItem\",\"position\":2,\"name\":\"Portfolio\"}]},{\"@type\":\"WebSite\",\"@id\":\"https:\/\/gaborseregelyes.com\/#website\",\"url\":\"https:\/\/gaborseregelyes.com\/\",\"name\":\"Sereg\u00e9lyes G\u00e1bor Fotogr\u00e1fus\",\"description\":\"Experienced, professional photographer with a creative vision\",\"publisher\":{\"@id\":\"https:\/\/gaborseregelyes.com\/#organization\"},\"potentialAction\":[{\"@type\":\"SearchAction\",\"target\":{\"@type\":\"EntryPoint\",\"urlTemplate\":\"https:\/\/gaborseregelyes.com\/?s={search_term_string}\"},\"query-input\":{\"@type\":\"PropertyValueSpecification\",\"valueRequired\":true,\"valueName\":\"search_term_string\"}}],\"inLanguage\":\"hu\"},{\"@type\":\"Organization\",\"@id\":\"https:\/\/gaborseregelyes.com\/#organization\",\"name\":\"Sereg\u00e9lyes G\u00e1bor Fotogr\u00e1fus\",\"url\":\"https:\/\/gaborseregelyes.com\/\",\"logo\":{\"@type\":\"ImageObject\",\"inLanguage\":\"hu\",\"@id\":\"https:\/\/gaborseregelyes.com\/#\/schema\/logo\/image\/\",\"url\":\"https:\/\/gaborseregelyes.com\/wp-content\/uploads\/2025\/01\/alairas_logo_v3.png\",\"contentUrl\":\"https:\/\/gaborseregelyes.com\/wp-content\/uploads\/2025\/01\/alairas_logo_v3.png\",\"width\":492,\"height\":180,\"caption\":\"Sereg\u00e9lyes G\u00e1bor Fotogr\u00e1fus\"},\"image\":{\"@id\":\"https:\/\/gaborseregelyes.com\/#\/schema\/logo\/image\/\"}}]}<\/script>\n<!-- \/ Yoast SEO Premium plugin. -->","yoast_head_json":{"title":"G\u00e1bor Sereg\u00e9lyes Photography Portfolio | Creative Professional Photographer in Budapest","description":"Discover the diverse portfolio of G\u00e1bor Sereg\u00e9lyes, a creative professional photographer based in Budapest. From food, products, and interiors to travel, events, and portraits, explore his unique perspective and the breadth of his work!","robots":{"index":"index","follow":"follow","max-snippet":"max-snippet:-1","max-image-preview":"max-image-preview:large","max-video-preview":"max-video-preview:-1"},"canonical":"https:\/\/gaborseregelyes.com\/hu\/professional-photographer-portfolio-budapest\/","og_locale":"hu_HU","og_type":"article","og_title":"Portfolio","og_description":"Discover the diverse portfolio of G\u00e1bor Sereg\u00e9lyes, a creative professional photographer based in Budapest. From food, products, and interiors to travel, events, and portraits, explore his unique perspective and the breadth of his work!","og_url":"https:\/\/gaborseregelyes.com\/hu\/professional-photographer-portfolio-budapest\/","og_site_name":"Sereg\u00e9lyes G\u00e1bor Fotogr\u00e1fus","article_modified_time":"2025-07-10T15:30:00+00:00","og_image":[{"width":480,"height":479,"url":"https:\/\/gaborseregelyes.com\/wp-content\/uploads\/2025\/01\/gasztro_main.png","type":"image\/png"}],"twitter_card":"summary_large_image","twitter_misc":{"Becs\u00fclt olvas\u00e1si id\u0151":"2 perc"},"schema":{"@context":"https:\/\/schema.org","@graph":[{"@type":"WebPage","@id":"https:\/\/gaborseregelyes.com\/professional-photographer-portfolio-budapest\/","url":"https:\/\/gaborseregelyes.com\/professional-photographer-portfolio-budapest\/","name":"G\u00e1bor Sereg\u00e9lyes Photography Portfolio | Creative Professional Photographer in Budapest","isPartOf":{"@id":"https:\/\/gaborseregelyes.com\/#website"},"primaryImageOfPage":{"@id":"https:\/\/gaborseregelyes.com\/professional-photographer-portfolio-budapest\/#primaryimage"},"image":{"@id":"https:\/\/gaborseregelyes.com\/professional-photographer-portfolio-budapest\/#primaryimage"},"thumbnailUrl":"https:\/\/gaborseregelyes.com\/wp-content\/uploads\/2025\/01\/gasztro_main.png","datePublished":"2025-01-08T20:53:50+00:00","dateModified":"2025-07-10T15:30:00+00:00","description":"Discover the diverse portfolio of G\u00e1bor Sereg\u00e9lyes, a creative professional photographer based in Budapest. From food, products, and interiors to travel, events, and portraits, explore his unique perspective and the breadth of his work!","breadcrumb":{"@id":"https:\/\/gaborseregelyes.com\/professional-photographer-portfolio-budapest\/#breadcrumb"},"inLanguage":"hu","potentialAction":[{"@type":"ReadAction","target":["https:\/\/gaborseregelyes.com\/professional-photographer-portfolio-budapest\/"]}]},{"@type":"ImageObject","inLanguage":"hu","@id":"https:\/\/gaborseregelyes.com\/professional-photographer-portfolio-budapest\/#primaryimage","url":"https:\/\/gaborseregelyes.com\/wp-content\/uploads\/2025\/01\/gasztro_main.png","contentUrl":"https:\/\/gaborseregelyes.com\/wp-content\/uploads\/2025\/01\/gasztro_main.png"},{"@type":"BreadcrumbList","@id":"https:\/\/gaborseregelyes.com\/professional-photographer-portfolio-budapest\/#breadcrumb","itemListElement":[{"@type":"ListItem","position":1,"name":"Home","item":"https:\/\/gaborseregelyes.com\/"},{"@type":"ListItem","position":2,"name":"Portfolio"}]},{"@type":"WebSite","@id":"https:\/\/gaborseregelyes.com\/#website","url":"https:\/\/gaborseregelyes.com\/","name":"Sereg\u00e9lyes G\u00e1bor Fotogr\u00e1fus","description":"Experienced, professional photographer with a creative vision","publisher":{"@id":"https:\/\/gaborseregelyes.com\/#organization"},"potentialAction":[{"@type":"SearchAction","target":{"@type":"EntryPoint","urlTemplate":"https:\/\/gaborseregelyes.com\/?s={search_term_string}"},"query-input":{"@type":"PropertyValueSpecification","valueRequired":true,"valueName":"search_term_string"}}],"inLanguage":"hu"},{"@type":"Organization","@id":"https:\/\/gaborseregelyes.com\/#organization","name":"Sereg\u00e9lyes G\u00e1bor Fotogr\u00e1fus","url":"https:\/\/gaborseregelyes.com\/","logo":{"@type":"ImageObject","inLanguage":"hu","@id":"https:\/\/gaborseregelyes.com\/#\/schema\/logo\/image\/","url":"https:\/\/gaborseregelyes.com\/wp-content\/uploads\/2025\/01\/alairas_logo_v3.png","contentUrl":"https:\/\/gaborseregelyes.com\/wp-content\/uploads\/2025\/01\/alairas_logo_v3.png","width":492,"height":180,"caption":"Sereg\u00e9lyes G\u00e1bor Fotogr\u00e1fus"},"image":{"@id":"https:\/\/gaborseregelyes.com\/#\/schema\/logo\/image\/"}}]}},"_links":{"self":[{"href":"https:\/\/gaborseregelyes.com\/hu\/wp-json\/wp\/v2\/pages\/536","targetHints":{"allow":["GET"]}}],"collection":[{"href":"https:\/\/gaborseregelyes.com\/hu\/wp-json\/wp\/v2\/pages"}],"about":[{"href":"https:\/\/gaborseregelyes.com\/hu\/wp-json\/wp\/v2\/types\/page"}],"author":[{"embeddable":true,"href":"https:\/\/gaborseregelyes.com\/hu\/wp-json\/wp\/v2\/users\/1"}],"replies":[{"embeddable":true,"href":"https:\/\/gaborseregelyes.com\/hu\/wp-json\/wp\/v2\/comments?post=536"}],"version-history":[{"count":32,"href":"https:\/\/gaborseregelyes.com\/hu\/wp-json\/wp\/v2\/pages\/536\/revisions"}],"predecessor-version":[{"id":1037,"href":"https:\/\/gaborseregelyes.com\/hu\/wp-json\/wp\/v2\/pages\/536\/revisions\/1037"}],"wp:attachment":[{"href":"https:\/\/gaborseregelyes.com\/hu\/wp-json\/wp\/v2\/media?parent=536"}],"curies":[{"name":"wp","href":"https:\/\/api.w.org\/{rel}","templated":true}]}}