{"id":12,"date":"2025-01-04T09:38:56","date_gmt":"2025-01-04T09:38:56","guid":{"rendered":"https:\/\/gaborseregelyes.com\/?page_id=12"},"modified":"2026-03-19T14:59:31","modified_gmt":"2026-03-19T14:59:31","slug":"contact","status":"publish","type":"page","link":"https:\/\/gaborseregelyes.com\/hu\/contact\/","title":{"rendered":"Kapcsolat"},"content":{"rendered":"<h1>Contact<\/h1>\n<p>I offer professional photography services in Budapest and internationally, specializing in product, object, interior, and commercial photography \u2014 as well as event photography upon request. Feel free to get in touch to discuss your project or schedule a shoot!<\/p>\n<p><a href=\"tel:+36302212207\">+36 30 221 22 07<\/a><br \/><a href=\"mailto:hello@gaborseregelyes.com\">hello@gaborseregelyes.com<\/a><\/p>\n<div class='fluentform ff-default fluentform_wrapper_1 ffs_default_wrap'><form data-form_id=\"1\" id=\"fluentform_1\" class=\"frm-fluent-form fluent_form_1 ff-el-form-top ff_form_instance_1_1 ff-form-loading ffs_default\" data-form_instance=\"ff_form_instance_1_1\" method=\"POST\" ><fieldset  style=\"border: none!important;margin: 0!important;padding: 0!important;background-color: transparent!important;box-shadow: none!important;outline: none!important; min-inline-size: 100%;\">\n                    <legend class=\"ff_screen_reader_title\" style=\"display: block; margin: 0!important;padding: 0!important;height: 0!important;text-indent: -999999px;width: 0!important;overflow:hidden;\">Contact Form Demo<\/legend><input type='hidden' name='__fluent_form_embded_post_id' value='12' \/><input type=\"hidden\" id=\"_fluentform_1_fluentformnonce\" name=\"_fluentform_1_fluentformnonce\" value=\"72d82ef005\" \/><input type=\"hidden\" name=\"_wp_http_referer\" value=\"\/hu\/wp-json\/wp\/v2\/pages\/12\" \/><div data-type=\"name-element\" data-name=\"names\" class=\" ff-field_container ff-name-field-wrapper\" ><div class='ff-t-container'><div class='ff-t-cell '><div class='ff-el-group  ff-el-form-hide_label'><div class=\"ff-el-input--label asterisk-right\"><label for='ff_1_names_first_name_' >First Name<\/label><\/div><div class='ff-el-input--content'><input type=\"text\" name=\"names[first_name]\" id=\"ff_1_names_first_name_\" class=\"ff-el-form-control\" placeholder=\"First Name\" aria-invalid=\"false\" aria-required=false><\/div><\/div><\/div><div class='ff-t-cell '><div class='ff-el-group  ff-el-form-hide_label'><div class=\"ff-el-input--label asterisk-right\"><label for='ff_1_names_last_name_' >Last Name<\/label><\/div><div class='ff-el-input--content'><input type=\"text\" name=\"names[last_name]\" id=\"ff_1_names_last_name_\" class=\"ff-el-form-control\" placeholder=\"Last Name\" aria-invalid=\"false\" aria-required=false><\/div><\/div><\/div><\/div><\/div><div class='ff-el-group ff-el-form-hide_label'><div class=\"ff-el-input--label ff-el-is-required asterisk-right\"><label for='ff_1_email' aria-label=\"Email\">Email<\/label><\/div><div class='ff-el-input--content'><input type=\"email\" name=\"email\" id=\"ff_1_email\" class=\"ff-el-form-control\" placeholder=\"Email Address\" data-name=\"email\"  aria-invalid=\"false\" aria-required=true><\/div><\/div><div class='ff-el-group ff-el-form-hide_label'><div class=\"ff-el-input--label ff-el-is-required asterisk-right\"><label for='ff_1_message' aria-label=\"Your Message\">Your Message<\/label><\/div><div class='ff-el-input--content'><textarea aria-invalid=\"false\" aria-required=true name=\"message\" id=\"ff_1_message\" class=\"ff-el-form-control\" placeholder=\"Your Message\" rows=\"4\" cols=\"2\" data-name=\"message\" ><\/textarea><\/div><\/div><div class='ff-el-group ff-text-center ff_submit_btn_wrapper'><button type=\"submit\" class=\"ff-btn ff-btn-submit ff-btn-md ff_btn_style wpf_has_custom_css\" >Send<\/button><\/div><\/fieldset><\/form><div id='fluentform_1_errors' class='ff-errors-in-stack ff_form_instance_1_1 ff-form-loading_errors ff_form_instance_1_1_errors'><\/div><\/div>        <script type=\"text\/javascript\">\n            window.fluent_form_ff_form_instance_1_1 = {\"id\":\"1\",\"settings\":{\"layout\":{\"labelPlacement\":\"top\",\"helpMessagePlacement\":\"with_label\",\"errorMessagePlacement\":\"inline\",\"cssClassName\":\"\",\"asteriskPlacement\":\"asterisk-right\"},\"restrictions\":{\"denyEmptySubmission\":{\"enabled\":false}}},\"form_instance\":\"ff_form_instance_1_1\",\"form_id_selector\":\"fluentform_1\",\"rules\":{\"names[first_name]\":{\"required\":{\"value\":false,\"message\":\"This field is required\",\"global\":false,\"global_message\":\"This field is required\"}},\"names[middle_name]\":{\"required\":{\"value\":false,\"message\":\"This field is required\",\"global\":false,\"global_message\":\"This field is required\"}},\"names[last_name]\":{\"required\":{\"value\":false,\"message\":\"This field is required\",\"global\":false,\"global_message\":\"This field is required\"}},\"email\":{\"required\":{\"value\":true,\"message\":\"This field is required\",\"global\":false,\"global_message\":\"This field is required\"},\"email\":{\"value\":true,\"message\":\"This field must contain a valid email\",\"global\":false,\"global_message\":\"This field must contain a valid email\"}},\"message\":{\"required\":{\"value\":true,\"message\":\"This field is required\",\"global\":false,\"global_message\":\"This field is required\"}}},\"debounce_time\":300};\n                    <\/script>\n        \n","protected":false},"excerpt":{"rendered":"<p>Contact I offer professional photography services in Budapest and internationally, specializing in product, object, interior, and commercial photography \u2014 as well as event photography upon request. Feel free to get in touch to discuss your project or schedule a shoot! +36 30 221 22 07hello@gaborseregelyes.com<\/p>","protected":false},"author":1,"featured_media":0,"parent":0,"menu_order":0,"comment_status":"closed","ping_status":"closed","template":"","meta":{"footnotes":""},"class_list":["post-12","page","type-page","status-publish","hentry"],"yoast_head":"<!-- This site is optimized with the Yoast SEO Premium plugin v27.0 (Yoast SEO v27.0) - https:\/\/yoast.com\/product\/yoast-seo-premium-wordpress\/ -->\n<title>Contact - Sereg\u00e9lyes G\u00e1bor Fotogr\u00e1fus<\/title>\n<meta name=\"robots\" content=\"index, follow, max-snippet:-1, max-image-preview:large, max-video-preview:-1\" \/>\n<link rel=\"canonical\" href=\"https:\/\/gaborseregelyes.com\/hu\/contact\/\" \/>\n<meta property=\"og:locale\" content=\"hu_HU\" \/>\n<meta property=\"og:type\" content=\"article\" \/>\n<meta property=\"og:title\" content=\"Contact\" \/>\n<meta property=\"og:description\" content=\"Contact I offer professional photography services in Budapest and internationally, specializing in product, object, interior, and commercial photography \u2014 as well as event photography upon request. Feel free to get in touch to discuss your project or schedule a shoot! +36 30 221 22 07hello@gaborseregelyes.com\" \/>\n<meta property=\"og:url\" content=\"https:\/\/gaborseregelyes.com\/hu\/contact\/\" \/>\n<meta property=\"og:site_name\" content=\"Sereg\u00e9lyes G\u00e1bor Fotogr\u00e1fus\" \/>\n<meta property=\"article:modified_time\" content=\"2026-03-19T14:59:31+00:00\" \/>\n<meta name=\"twitter:card\" content=\"summary_large_image\" \/>\n<meta name=\"twitter:label1\" content=\"Becs\u00fclt olvas\u00e1si id\u0151\" \/>\n\t<meta name=\"twitter:data1\" content=\"1 perc\" \/>\n<script type=\"application\/ld+json\" class=\"yoast-schema-graph\">{\"@context\":\"https:\/\/schema.org\",\"@graph\":[{\"@type\":\"WebPage\",\"@id\":\"https:\/\/gaborseregelyes.com\/contact\/\",\"url\":\"https:\/\/gaborseregelyes.com\/contact\/\",\"name\":\"Contact - Sereg\u00e9lyes G\u00e1bor Fotogr\u00e1fus\",\"isPartOf\":{\"@id\":\"https:\/\/gaborseregelyes.com\/#website\"},\"datePublished\":\"2025-01-04T09:38:56+00:00\",\"dateModified\":\"2026-03-19T14:59:31+00:00\",\"breadcrumb\":{\"@id\":\"https:\/\/gaborseregelyes.com\/contact\/#breadcrumb\"},\"inLanguage\":\"hu\",\"potentialAction\":[{\"@type\":\"ReadAction\",\"target\":[\"https:\/\/gaborseregelyes.com\/contact\/\"]}]},{\"@type\":\"BreadcrumbList\",\"@id\":\"https:\/\/gaborseregelyes.com\/contact\/#breadcrumb\",\"itemListElement\":[{\"@type\":\"ListItem\",\"position\":1,\"name\":\"Home\",\"item\":\"https:\/\/gaborseregelyes.com\/\"},{\"@type\":\"ListItem\",\"position\":2,\"name\":\"Contact\"}]},{\"@type\":\"WebSite\",\"@id\":\"https:\/\/gaborseregelyes.com\/#website\",\"url\":\"https:\/\/gaborseregelyes.com\/\",\"name\":\"Sereg\u00e9lyes G\u00e1bor Fotogr\u00e1fus\",\"description\":\"Experienced, professional photographer with a creative vision\",\"publisher\":{\"@id\":\"https:\/\/gaborseregelyes.com\/#organization\"},\"potentialAction\":[{\"@type\":\"SearchAction\",\"target\":{\"@type\":\"EntryPoint\",\"urlTemplate\":\"https:\/\/gaborseregelyes.com\/?s={search_term_string}\"},\"query-input\":{\"@type\":\"PropertyValueSpecification\",\"valueRequired\":true,\"valueName\":\"search_term_string\"}}],\"inLanguage\":\"hu\"},{\"@type\":\"Organization\",\"@id\":\"https:\/\/gaborseregelyes.com\/#organization\",\"name\":\"Sereg\u00e9lyes G\u00e1bor Fotogr\u00e1fus\",\"url\":\"https:\/\/gaborseregelyes.com\/\",\"logo\":{\"@type\":\"ImageObject\",\"inLanguage\":\"hu\",\"@id\":\"https:\/\/gaborseregelyes.com\/#\/schema\/logo\/image\/\",\"url\":\"https:\/\/gaborseregelyes.com\/wp-content\/uploads\/2025\/01\/alairas_logo_v3.png\",\"contentUrl\":\"https:\/\/gaborseregelyes.com\/wp-content\/uploads\/2025\/01\/alairas_logo_v3.png\",\"width\":492,\"height\":180,\"caption\":\"Sereg\u00e9lyes G\u00e1bor Fotogr\u00e1fus\"},\"image\":{\"@id\":\"https:\/\/gaborseregelyes.com\/#\/schema\/logo\/image\/\"}}]}<\/script>\n<!-- \/ Yoast SEO Premium plugin. -->","yoast_head_json":{"title":"Contact - Sereg\u00e9lyes G\u00e1bor Fotogr\u00e1fus","robots":{"index":"index","follow":"follow","max-snippet":"max-snippet:-1","max-image-preview":"max-image-preview:large","max-video-preview":"max-video-preview:-1"},"canonical":"https:\/\/gaborseregelyes.com\/hu\/contact\/","og_locale":"hu_HU","og_type":"article","og_title":"Contact","og_description":"Contact I offer professional photography services in Budapest and internationally, specializing in product, object, interior, and commercial photography \u2014 as well as event photography upon request. Feel free to get in touch to discuss your project or schedule a shoot! +36 30 221 22 07hello@gaborseregelyes.com","og_url":"https:\/\/gaborseregelyes.com\/hu\/contact\/","og_site_name":"Sereg\u00e9lyes G\u00e1bor Fotogr\u00e1fus","article_modified_time":"2026-03-19T14:59:31+00:00","twitter_card":"summary_large_image","twitter_misc":{"Becs\u00fclt olvas\u00e1si id\u0151":"1 perc"},"schema":{"@context":"https:\/\/schema.org","@graph":[{"@type":"WebPage","@id":"https:\/\/gaborseregelyes.com\/contact\/","url":"https:\/\/gaborseregelyes.com\/contact\/","name":"Contact - Sereg\u00e9lyes G\u00e1bor Fotogr\u00e1fus","isPartOf":{"@id":"https:\/\/gaborseregelyes.com\/#website"},"datePublished":"2025-01-04T09:38:56+00:00","dateModified":"2026-03-19T14:59:31+00:00","breadcrumb":{"@id":"https:\/\/gaborseregelyes.com\/contact\/#breadcrumb"},"inLanguage":"hu","potentialAction":[{"@type":"ReadAction","target":["https:\/\/gaborseregelyes.com\/contact\/"]}]},{"@type":"BreadcrumbList","@id":"https:\/\/gaborseregelyes.com\/contact\/#breadcrumb","itemListElement":[{"@type":"ListItem","position":1,"name":"Home","item":"https:\/\/gaborseregelyes.com\/"},{"@type":"ListItem","position":2,"name":"Contact"}]},{"@type":"WebSite","@id":"https:\/\/gaborseregelyes.com\/#website","url":"https:\/\/gaborseregelyes.com\/","name":"Sereg\u00e9lyes G\u00e1bor Fotogr\u00e1fus","description":"Experienced, professional photographer with a creative vision","publisher":{"@id":"https:\/\/gaborseregelyes.com\/#organization"},"potentialAction":[{"@type":"SearchAction","target":{"@type":"EntryPoint","urlTemplate":"https:\/\/gaborseregelyes.com\/?s={search_term_string}"},"query-input":{"@type":"PropertyValueSpecification","valueRequired":true,"valueName":"search_term_string"}}],"inLanguage":"hu"},{"@type":"Organization","@id":"https:\/\/gaborseregelyes.com\/#organization","name":"Sereg\u00e9lyes G\u00e1bor Fotogr\u00e1fus","url":"https:\/\/gaborseregelyes.com\/","logo":{"@type":"ImageObject","inLanguage":"hu","@id":"https:\/\/gaborseregelyes.com\/#\/schema\/logo\/image\/","url":"https:\/\/gaborseregelyes.com\/wp-content\/uploads\/2025\/01\/alairas_logo_v3.png","contentUrl":"https:\/\/gaborseregelyes.com\/wp-content\/uploads\/2025\/01\/alairas_logo_v3.png","width":492,"height":180,"caption":"Sereg\u00e9lyes G\u00e1bor Fotogr\u00e1fus"},"image":{"@id":"https:\/\/gaborseregelyes.com\/#\/schema\/logo\/image\/"}}]}},"_links":{"self":[{"href":"https:\/\/gaborseregelyes.com\/hu\/wp-json\/wp\/v2\/pages\/12","targetHints":{"allow":["GET"]}}],"collection":[{"href":"https:\/\/gaborseregelyes.com\/hu\/wp-json\/wp\/v2\/pages"}],"about":[{"href":"https:\/\/gaborseregelyes.com\/hu\/wp-json\/wp\/v2\/types\/page"}],"author":[{"embeddable":true,"href":"https:\/\/gaborseregelyes.com\/hu\/wp-json\/wp\/v2\/users\/1"}],"replies":[{"embeddable":true,"href":"https:\/\/gaborseregelyes.com\/hu\/wp-json\/wp\/v2\/comments?post=12"}],"version-history":[{"count":74,"href":"https:\/\/gaborseregelyes.com\/hu\/wp-json\/wp\/v2\/pages\/12\/revisions"}],"predecessor-version":[{"id":1124,"href":"https:\/\/gaborseregelyes.com\/hu\/wp-json\/wp\/v2\/pages\/12\/revisions\/1124"}],"wp:attachment":[{"href":"https:\/\/gaborseregelyes.com\/hu\/wp-json\/wp\/v2\/media?parent=12"}],"curies":[{"name":"wp","href":"https:\/\/api.w.org\/{rel}","templated":true}]}}